{"id":6,"date":"2011-03-31T14:35:54","date_gmt":"2011-03-31T14:35:54","guid":{"rendered":"http:\/\/fotograf-stefan.se\/web\/?page_id=6"},"modified":"2012-05-15T09:50:20","modified_gmt":"2012-05-15T09:50:20","slug":"sida-3","status":"publish","type":"page","link":"https:\/\/fotograf-stefan.se\/web\/?page_id=6","title":{"rendered":"Om Stefan"},"content":{"rendered":"<p>&nbsp;<\/p>\n<p>Hej<a href=\"https:\/\/media.fotograf-stefan.se\/2011\/03\/stefan_svensson.jpg\"><img loading=\"lazy\" decoding=\"async\" class=\"alignright size-full wp-image-358\" title=\"stefan_svensson\" src=\"https:\/\/media.fotograf-stefan.se\/2011\/03\/stefan_svensson.jpg\" alt=\"\" width=\"499\" height=\"284\" srcset=\"https:\/\/media.fotograf-stefan.se\/2011\/03\/stefan_svensson.jpg 624w, https:\/\/media.fotograf-stefan.se\/2011\/03\/stefan_svensson-300x170.jpg 300w\" sizes=\"auto, (max-width: 499px) 100vw, 499px\" \/><\/a><\/p>\n<p>Starten i mitt yrkesliv som fotograf var p\u00e5 en dagstidning 1975. Med n\u00e4stan 15 \u00e5r som reportage- och sportfotograf blev jag sugen att st\u00e5 p\u00e5 egna ben. 1990 b\u00f6rjade jag fotografera p\u00e5 heltid i mitt eget f\u00f6retag. Mina kunder \u00e4r sedan dess reklambyr\u00e5er, kommuner, landsting, f\u00f6retag, tidskrifter och tidningar.<\/p>\n<p>En stor del av min arbetstid anv\u00e4nder jag till fotografering \u00e5t mina f\u00f6retagskunder. Ofta \u00e4r det v\u00e4ldigt omv\u00e4xlande uppdrag med stora inslag av kreativ probleml\u00f6sning n\u00e4r det g\u00e4ller ljuss\u00e4ttning, fotovinklar och rekvisita. Motiven framf\u00f6r kameran best\u00e4mmer du som kund men ofta \u00e4r det produkter av olika slag, bilder p\u00e5 personal i arbete, maskiner, gruppbilder, fastigheter, ja i stort sett kan det vara vad som helst.<\/p>\n<p>Jag fotograferar g\u00e4rna p\u00e5 plats p\u00e5 ditt f\u00f6retag eller i andra milj\u00f6er.<\/p>\n<p>Givetvis \u00e4r det ocks\u00e5 m\u00f6jligt att fotografera i min studio som finns i Mariestad. Den ligger i markplan och \u00e4r l\u00e4tt tillg\u00e4nglig med bilport f\u00f6r smidig inlastning.<\/p>\n<p>Reportagefotografering \u00e4r ocks\u00e5 en stor del av mitt arbete som ligger mig varmt om hj\u00e4rtat. D\u00e5 brukar det var lite andra utmaningar, nya milj\u00f6er, sp\u00e4nnande m\u00e4nniskor och ofta en lite tajtare deadline.<\/p>\n<p>V\u00e4lkommen att h\u00f6ra av dig<\/p>\n<p>Med v\u00e4nliga h\u00e4lsningar<br \/>\nStefan Svensson<\/p>\n<p>&nbsp;<\/p>\n<p>&nbsp;<\/p>\n","protected":false},"excerpt":{"rendered":"<p>&nbsp; Hej Starten i mitt yrkesliv som fotograf var p\u00e5 en dagstidning 1975. Med n\u00e4stan 15 \u00e5r som reportage- och sportfotograf blev jag sugen att st\u00e5 p\u00e5 egna ben. 1990 b\u00f6rjade jag fotografera p\u00e5 heltid i mitt eget f\u00f6retag. Mina kunder \u00e4r sedan dess reklambyr\u00e5er, kommuner, landsting, f\u00f6retag, tidskrifter och tidningar. En stor del av [&hellip;]<\/p>\n","protected":false},"author":1,"featured_media":0,"parent":0,"menu_order":1,"comment_status":"open","ping_status":"open","template":"","meta":{"footnotes":""},"class_list":["post-6","page","type-page","status-publish","hentry"],"_links":{"self":[{"href":"https:\/\/fotograf-stefan.se\/web\/index.php?rest_route=\/wp\/v2\/pages\/6","targetHints":{"allow":["GET"]}}],"collection":[{"href":"https:\/\/fotograf-stefan.se\/web\/index.php?rest_route=\/wp\/v2\/pages"}],"about":[{"href":"https:\/\/fotograf-stefan.se\/web\/index.php?rest_route=\/wp\/v2\/types\/page"}],"author":[{"embeddable":true,"href":"https:\/\/fotograf-stefan.se\/web\/index.php?rest_route=\/wp\/v2\/users\/1"}],"replies":[{"embeddable":true,"href":"https:\/\/fotograf-stefan.se\/web\/index.php?rest_route=%2Fwp%2Fv2%2Fcomments&post=6"}],"version-history":[{"count":14,"href":"https:\/\/fotograf-stefan.se\/web\/index.php?rest_route=\/wp\/v2\/pages\/6\/revisions"}],"predecessor-version":[{"id":364,"href":"https:\/\/fotograf-stefan.se\/web\/index.php?rest_route=\/wp\/v2\/pages\/6\/revisions\/364"}],"wp:attachment":[{"href":"https:\/\/fotograf-stefan.se\/web\/index.php?rest_route=%2Fwp%2Fv2%2Fmedia&parent=6"}],"curies":[{"name":"wp","href":"https:\/\/api.w.org\/{rel}","templated":true}]}}